{"id":2757,"date":"2025-08-28T23:12:51","date_gmt":"2025-08-28T21:12:51","guid":{"rendered":"https:\/\/www.ggs-erlenweg.de\/?page_id=2757"},"modified":"2025-08-28T23:22:03","modified_gmt":"2025-08-28T21:22:03","slug":"mitgliedsantrag-foerderverein","status":"publish","type":"page","link":"https:\/\/www.ggs-erlenweg.de\/index.php\/foerderverein\/mitgliedsantrag-foerderverein\/","title":{"rendered":"Mitgliedschaft beantragen"},"content":{"rendered":"\n<p>Liebe interessierte Eltern und Freundinnen und Freunde der GGS Erlenweg,<\/p>\n\n\n\n<p>leider gab es eine Fehlfunktion im Anmeldeformular des F\u00f6rdervereins. Wir m\u00f6chten euch bitten, euch per Mail an <a href=\"mailto:foerderverein@ggs-erlenweg.de\">foerderverein@ggs-erlenweg.de<\/a> zu wenden. F\u00fcr eine Anmeldung ben\u00f6tigen wir Name und Adresse, Name und Klasse des Kindes, voraussichtliches Ende der Schulzugeh\u00f6rigkeit und den angedachten Jahresbeitrag. Unser Mindestbeitrag betr\u00e4gt 10 \u20ac im Jahr, er ist aber nach oben offen.<\/p>\n\n\n\n<p>Vielen Dank f\u00fcr euer Verst\u00e4ndnis!<\/p>\n\n\n\n<p>Herzliche Gr\u00fc\u00dfe<\/p>\n\n\n\n<p>Der F\u00f6rderverein<\/p>\n\n\n\n<p><\/p>\n","protected":false},"excerpt":{"rendered":"<p>Liebe interessierte Eltern und Freundinnen und Freunde der GGS Erlenweg, leider gab es eine Fehlfunktion im Anmeldeformular des F\u00f6rdervereins. Wir m\u00f6chten euch bitten, euch per Mail an foerderverein@ggs-erlenweg.de zu wenden. [&hellip;]<\/p>\n","protected":false},"author":10,"featured_media":0,"parent":714,"menu_order":0,"comment_status":"closed","ping_status":"closed","template":"","meta":{"footnotes":""},"class_list":["post-2757","page","type-page","status-publish","hentry"],"blocksy_meta":[],"featured_image_urls_v2":{"full":"","thumbnail":"","medium":"","medium_large":"","large":"","1536x1536":"","2048x2048":""},"post_excerpt_stackable_v2":"<p>Liebe interessierte Eltern und Freundinnen und Freunde der GGS Erlenweg, leider gab es eine Fehlfunktion im Anmeldeformular des F\u00f6rdervereins. Wir m\u00f6chten euch bitten, euch per Mail an foerderverein@ggs-erlenweg.de zu wenden. F\u00fcr eine Anmeldung ben\u00f6tigen wir Name und Adresse, Name und Klasse des Kindes, voraussichtliches Ende der Schulzugeh\u00f6rigkeit und den angedachten Jahresbeitrag. Unser Mindestbeitrag betr\u00e4gt 10 \u20ac im Jahr, er ist aber nach oben offen. Vielen Dank f\u00fcr euer Verst\u00e4ndnis! Herzliche Gr\u00fc\u00dfe Der F\u00f6rderverein<\/p>\n","category_list_v2":"","author_info_v2":{"name":"Christina Kohnen","url":"https:\/\/www.ggs-erlenweg.de\/index.php\/author\/christina_kohnen\/"},"comments_num_v2":"0 comments","yoast_head":"<!-- This site is optimized with the Yoast SEO plugin v27.2 - https:\/\/yoast.com\/product\/yoast-seo-wordpress\/ -->\n<title>Mitgliedschaft beantragen - Gemeinschaftsgrundschule Erlenweg<\/title>\n<meta name=\"robots\" content=\"index, follow, max-snippet:-1, max-image-preview:large, max-video-preview:-1\" \/>\n<link rel=\"canonical\" href=\"https:\/\/www.ggs-erlenweg.de\/index.php\/foerderverein\/mitgliedsantrag-foerderverein\/\" \/>\n<meta property=\"og:locale\" content=\"de_DE\" \/>\n<meta property=\"og:type\" content=\"article\" \/>\n<meta property=\"og:title\" content=\"Mitgliedschaft beantragen - Gemeinschaftsgrundschule Erlenweg\" \/>\n<meta property=\"og:description\" content=\"Liebe interessierte Eltern und Freundinnen und Freunde der GGS Erlenweg, leider gab es eine Fehlfunktion im Anmeldeformular des F\u00f6rdervereins. Wir m\u00f6chten euch bitten, euch per Mail an foerderverein@ggs-erlenweg.de zu wenden. [&hellip;]\" \/>\n<meta property=\"og:url\" content=\"https:\/\/www.ggs-erlenweg.de\/index.php\/foerderverein\/mitgliedsantrag-foerderverein\/\" \/>\n<meta property=\"og:site_name\" content=\"Gemeinschaftsgrundschule Erlenweg\" \/>\n<meta property=\"article:modified_time\" content=\"2025-08-28T21:22:03+00:00\" \/>\n<meta name=\"twitter:card\" content=\"summary_large_image\" \/>\n<meta name=\"twitter:label1\" content=\"Gesch\u00e4tzte Lesezeit\" \/>\n\t<meta name=\"twitter:data1\" content=\"1\u00a0Minute\" \/>\n<script type=\"application\/ld+json\" class=\"yoast-schema-graph\">{\"@context\":\"https:\/\/schema.org\",\"@graph\":[{\"@type\":\"WebPage\",\"@id\":\"https:\/\/www.ggs-erlenweg.de\/index.php\/foerderverein\/mitgliedsantrag-foerderverein\/\",\"url\":\"https:\/\/www.ggs-erlenweg.de\/index.php\/foerderverein\/mitgliedsantrag-foerderverein\/\",\"name\":\"Mitgliedschaft beantragen - Gemeinschaftsgrundschule Erlenweg\",\"isPartOf\":{\"@id\":\"https:\/\/www.ggs-erlenweg.de\/#website\"},\"datePublished\":\"2025-08-28T21:12:51+00:00\",\"dateModified\":\"2025-08-28T21:22:03+00:00\",\"breadcrumb\":{\"@id\":\"https:\/\/www.ggs-erlenweg.de\/index.php\/foerderverein\/mitgliedsantrag-foerderverein\/#breadcrumb\"},\"inLanguage\":\"de\",\"potentialAction\":[{\"@type\":\"ReadAction\",\"target\":[\"https:\/\/www.ggs-erlenweg.de\/index.php\/foerderverein\/mitgliedsantrag-foerderverein\/\"]}]},{\"@type\":\"BreadcrumbList\",\"@id\":\"https:\/\/www.ggs-erlenweg.de\/index.php\/foerderverein\/mitgliedsantrag-foerderverein\/#breadcrumb\",\"itemListElement\":[{\"@type\":\"ListItem\",\"position\":1,\"name\":\"Startseite\",\"item\":\"https:\/\/www.ggs-erlenweg.de\/\"},{\"@type\":\"ListItem\",\"position\":2,\"name\":\"F\u00f6rderverein\",\"item\":\"https:\/\/www.ggs-erlenweg.de\/index.php\/foerderverein\/\"},{\"@type\":\"ListItem\",\"position\":3,\"name\":\"Mitgliedschaft beantragen\"}]},{\"@type\":\"WebSite\",\"@id\":\"https:\/\/www.ggs-erlenweg.de\/#website\",\"url\":\"https:\/\/www.ggs-erlenweg.de\/\",\"name\":\"Gemeinschaftsgrundschule Erlenweg\",\"description\":\"\",\"publisher\":{\"@id\":\"https:\/\/www.ggs-erlenweg.de\/#organization\"},\"potentialAction\":[{\"@type\":\"SearchAction\",\"target\":{\"@type\":\"EntryPoint\",\"urlTemplate\":\"https:\/\/www.ggs-erlenweg.de\/?s={search_term_string}\"},\"query-input\":{\"@type\":\"PropertyValueSpecification\",\"valueRequired\":true,\"valueName\":\"search_term_string\"}}],\"inLanguage\":\"de\"},{\"@type\":\"Organization\",\"@id\":\"https:\/\/www.ggs-erlenweg.de\/#organization\",\"name\":\"Gemeinschaftsgrundschule Erlenweg\",\"url\":\"https:\/\/www.ggs-erlenweg.de\/\",\"logo\":{\"@type\":\"ImageObject\",\"inLanguage\":\"de\",\"@id\":\"https:\/\/www.ggs-erlenweg.de\/#\/schema\/logo\/image\/\",\"url\":\"https:\/\/www.ggs-erlenweg.de\/wp-content\/uploads\/2025\/04\/Logo5Farben-400px.png\",\"contentUrl\":\"https:\/\/www.ggs-erlenweg.de\/wp-content\/uploads\/2025\/04\/Logo5Farben-400px.png\",\"width\":400,\"height\":381,\"caption\":\"Gemeinschaftsgrundschule Erlenweg\"},\"image\":{\"@id\":\"https:\/\/www.ggs-erlenweg.de\/#\/schema\/logo\/image\/\"}}]}<\/script>\n<!-- \/ Yoast SEO plugin. -->","yoast_head_json":{"title":"Mitgliedschaft beantragen - Gemeinschaftsgrundschule Erlenweg","robots":{"index":"index","follow":"follow","max-snippet":"max-snippet:-1","max-image-preview":"max-image-preview:large","max-video-preview":"max-video-preview:-1"},"canonical":"https:\/\/www.ggs-erlenweg.de\/index.php\/foerderverein\/mitgliedsantrag-foerderverein\/","og_locale":"de_DE","og_type":"article","og_title":"Mitgliedschaft beantragen - Gemeinschaftsgrundschule Erlenweg","og_description":"Liebe interessierte Eltern und Freundinnen und Freunde der GGS Erlenweg, leider gab es eine Fehlfunktion im Anmeldeformular des F\u00f6rdervereins. Wir m\u00f6chten euch bitten, euch per Mail an foerderverein@ggs-erlenweg.de zu wenden. [&hellip;]","og_url":"https:\/\/www.ggs-erlenweg.de\/index.php\/foerderverein\/mitgliedsantrag-foerderverein\/","og_site_name":"Gemeinschaftsgrundschule Erlenweg","article_modified_time":"2025-08-28T21:22:03+00:00","twitter_card":"summary_large_image","twitter_misc":{"Gesch\u00e4tzte Lesezeit":"1\u00a0Minute"},"schema":{"@context":"https:\/\/schema.org","@graph":[{"@type":"WebPage","@id":"https:\/\/www.ggs-erlenweg.de\/index.php\/foerderverein\/mitgliedsantrag-foerderverein\/","url":"https:\/\/www.ggs-erlenweg.de\/index.php\/foerderverein\/mitgliedsantrag-foerderverein\/","name":"Mitgliedschaft beantragen - Gemeinschaftsgrundschule Erlenweg","isPartOf":{"@id":"https:\/\/www.ggs-erlenweg.de\/#website"},"datePublished":"2025-08-28T21:12:51+00:00","dateModified":"2025-08-28T21:22:03+00:00","breadcrumb":{"@id":"https:\/\/www.ggs-erlenweg.de\/index.php\/foerderverein\/mitgliedsantrag-foerderverein\/#breadcrumb"},"inLanguage":"de","potentialAction":[{"@type":"ReadAction","target":["https:\/\/www.ggs-erlenweg.de\/index.php\/foerderverein\/mitgliedsantrag-foerderverein\/"]}]},{"@type":"BreadcrumbList","@id":"https:\/\/www.ggs-erlenweg.de\/index.php\/foerderverein\/mitgliedsantrag-foerderverein\/#breadcrumb","itemListElement":[{"@type":"ListItem","position":1,"name":"Startseite","item":"https:\/\/www.ggs-erlenweg.de\/"},{"@type":"ListItem","position":2,"name":"F\u00f6rderverein","item":"https:\/\/www.ggs-erlenweg.de\/index.php\/foerderverein\/"},{"@type":"ListItem","position":3,"name":"Mitgliedschaft beantragen"}]},{"@type":"WebSite","@id":"https:\/\/www.ggs-erlenweg.de\/#website","url":"https:\/\/www.ggs-erlenweg.de\/","name":"Gemeinschaftsgrundschule Erlenweg","description":"","publisher":{"@id":"https:\/\/www.ggs-erlenweg.de\/#organization"},"potentialAction":[{"@type":"SearchAction","target":{"@type":"EntryPoint","urlTemplate":"https:\/\/www.ggs-erlenweg.de\/?s={search_term_string}"},"query-input":{"@type":"PropertyValueSpecification","valueRequired":true,"valueName":"search_term_string"}}],"inLanguage":"de"},{"@type":"Organization","@id":"https:\/\/www.ggs-erlenweg.de\/#organization","name":"Gemeinschaftsgrundschule Erlenweg","url":"https:\/\/www.ggs-erlenweg.de\/","logo":{"@type":"ImageObject","inLanguage":"de","@id":"https:\/\/www.ggs-erlenweg.de\/#\/schema\/logo\/image\/","url":"https:\/\/www.ggs-erlenweg.de\/wp-content\/uploads\/2025\/04\/Logo5Farben-400px.png","contentUrl":"https:\/\/www.ggs-erlenweg.de\/wp-content\/uploads\/2025\/04\/Logo5Farben-400px.png","width":400,"height":381,"caption":"Gemeinschaftsgrundschule Erlenweg"},"image":{"@id":"https:\/\/www.ggs-erlenweg.de\/#\/schema\/logo\/image\/"}}]}},"_links":{"self":[{"href":"https:\/\/www.ggs-erlenweg.de\/index.php\/wp-json\/wp\/v2\/pages\/2757","targetHints":{"allow":["GET"]}}],"collection":[{"href":"https:\/\/www.ggs-erlenweg.de\/index.php\/wp-json\/wp\/v2\/pages"}],"about":[{"href":"https:\/\/www.ggs-erlenweg.de\/index.php\/wp-json\/wp\/v2\/types\/page"}],"author":[{"embeddable":true,"href":"https:\/\/www.ggs-erlenweg.de\/index.php\/wp-json\/wp\/v2\/users\/10"}],"replies":[{"embeddable":true,"href":"https:\/\/www.ggs-erlenweg.de\/index.php\/wp-json\/wp\/v2\/comments?post=2757"}],"version-history":[{"count":1,"href":"https:\/\/www.ggs-erlenweg.de\/index.php\/wp-json\/wp\/v2\/pages\/2757\/revisions"}],"predecessor-version":[{"id":2758,"href":"https:\/\/www.ggs-erlenweg.de\/index.php\/wp-json\/wp\/v2\/pages\/2757\/revisions\/2758"}],"up":[{"embeddable":true,"href":"https:\/\/www.ggs-erlenweg.de\/index.php\/wp-json\/wp\/v2\/pages\/714"}],"wp:attachment":[{"href":"https:\/\/www.ggs-erlenweg.de\/index.php\/wp-json\/wp\/v2\/media?parent=2757"}],"curies":[{"name":"wp","href":"https:\/\/api.w.org\/{rel}","templated":true}]}}