{"id":2063,"date":"2023-11-15T13:43:02","date_gmt":"2023-11-15T12:43:02","guid":{"rendered":"https:\/\/www.ggs-erlenweg.de\/?page_id=2063"},"modified":"2023-11-16T13:08:08","modified_gmt":"2023-11-16T12:08:08","slug":"klassenrat","status":"publish","type":"page","link":"https:\/\/www.ggs-erlenweg.de\/index.php\/klassenrat\/","title":{"rendered":"Klassenrat"},"content":{"rendered":"\n<p>Der Klassenrat ist Diskussionsforum sowie Planungs- und Handlungszentrum, das die Klasse als Verantwortungsgemeinschaft st\u00e4rkt. Die \u00fcbergeordnete Fragestellung dabei ist: Wie k\u00f6nnen wir gut gemeinsam leben?<\/p>\n\n\n\n<p>Der Klassenrat bietet Raum und Zeit, um zu diskutieren und eigene Strukturen f\u00fcr ein Miteinander zu entwickeln. Themen wie Freundschaft, Mobbing, Au\u00dfenseiterinnen oder Zivilcourage werden von den Sch\u00fclerinnen offen und in einer wertsch\u00e4tzenden, ermutigenden Atmosph\u00e4re angesprochen. F\u00fcr bestehende Konflikte werden L\u00f6sungen gesucht. Der Klassenrat ist Diskussionsforum sowie Planungs- und Handlungszentrum, das die Klasse als Verantwortungsgemeinschaft st\u00e4rkt. Im Klassenrat werden L\u00f6sungen f\u00fcr Probleme gesucht und Ideen geboren. Der Klassenrat f\u00f6rdert soziale und moralische Lernprozesse.<\/p>\n\n\n\n<p>In unserer Schule findet in jeder Klasse jede Woche eine Klassenratsstunde statt. Aus dem Klassenrat k\u00f6nnen die Klassensprecher Themen mit in die Sch\u00fcler*innenkonferenz einbringen.<\/p>\n","protected":false},"excerpt":{"rendered":"<p>Der Klassenrat ist Diskussionsforum sowie Planungs- und Handlungszentrum, das die Klasse als Verantwortungsgemeinschaft st\u00e4rkt. Die \u00fcbergeordnete Fragestellung dabei ist: Wie k\u00f6nnen wir gut gemeinsam leben? Der Klassenrat bietet Raum und [&hellip;]<\/p>\n","protected":false},"author":3,"featured_media":0,"parent":0,"menu_order":0,"comment_status":"closed","ping_status":"closed","template":"","meta":{"footnotes":""},"class_list":["post-2063","page","type-page","status-publish","hentry"],"blocksy_meta":[],"featured_image_urls_v2":{"full":"","thumbnail":"","medium":"","medium_large":"","large":"","1536x1536":"","2048x2048":""},"post_excerpt_stackable_v2":"<p>Der Klassenrat ist Diskussionsforum sowie Planungs- und Handlungszentrum, das die Klasse als Verantwortungsgemeinschaft st\u00e4rkt. Die \u00fcbergeordnete Fragestellung dabei ist: Wie k\u00f6nnen wir gut gemeinsam leben? Der Klassenrat bietet Raum und Zeit, um zu diskutieren und eigene Strukturen f\u00fcr ein Miteinander zu entwickeln. Themen wie Freundschaft, Mobbing, Au\u00dfenseiterinnen oder Zivilcourage werden von den Sch\u00fclerinnen offen und in einer wertsch\u00e4tzenden, ermutigenden Atmosph\u00e4re angesprochen. F\u00fcr bestehende Konflikte werden L\u00f6sungen gesucht. Der Klassenrat ist Diskussionsforum sowie Planungs- und Handlungszentrum, das die Klasse als Verantwortungsgemeinschaft st\u00e4rkt. Im Klassenrat werden L\u00f6sungen f\u00fcr Probleme gesucht und Ideen geboren. Der Klassenrat f\u00f6rdert soziale und moralische Lernprozesse. In unserer&hellip;<\/p>\n","category_list_v2":"","author_info_v2":{"name":"MM","url":"https:\/\/www.ggs-erlenweg.de\/index.php\/author\/m9124\/"},"comments_num_v2":"0 comments","yoast_head":"<!-- This site is optimized with the Yoast SEO plugin v27.2 - https:\/\/yoast.com\/product\/yoast-seo-wordpress\/ -->\n<title>Klassenrat - Gemeinschaftsgrundschule Erlenweg<\/title>\n<meta name=\"robots\" content=\"index, follow, max-snippet:-1, max-image-preview:large, max-video-preview:-1\" \/>\n<link rel=\"canonical\" href=\"https:\/\/www.ggs-erlenweg.de\/index.php\/klassenrat\/\" \/>\n<meta property=\"og:locale\" content=\"de_DE\" \/>\n<meta property=\"og:type\" content=\"article\" \/>\n<meta property=\"og:title\" content=\"Klassenrat - Gemeinschaftsgrundschule Erlenweg\" \/>\n<meta property=\"og:description\" content=\"Der Klassenrat ist Diskussionsforum sowie Planungs- und Handlungszentrum, das die Klasse als Verantwortungsgemeinschaft st\u00e4rkt. Die \u00fcbergeordnete Fragestellung dabei ist: Wie k\u00f6nnen wir gut gemeinsam leben? Der Klassenrat bietet Raum und [&hellip;]\" \/>\n<meta property=\"og:url\" content=\"https:\/\/www.ggs-erlenweg.de\/index.php\/klassenrat\/\" \/>\n<meta property=\"og:site_name\" content=\"Gemeinschaftsgrundschule Erlenweg\" \/>\n<meta property=\"article:modified_time\" content=\"2023-11-16T12:08:08+00:00\" \/>\n<meta name=\"twitter:card\" content=\"summary_large_image\" \/>\n<meta name=\"twitter:label1\" content=\"Gesch\u00e4tzte Lesezeit\" \/>\n\t<meta name=\"twitter:data1\" content=\"1\u00a0Minute\" \/>\n<script type=\"application\/ld+json\" class=\"yoast-schema-graph\">{\"@context\":\"https:\/\/schema.org\",\"@graph\":[{\"@type\":\"WebPage\",\"@id\":\"https:\/\/www.ggs-erlenweg.de\/index.php\/klassenrat\/\",\"url\":\"https:\/\/www.ggs-erlenweg.de\/index.php\/klassenrat\/\",\"name\":\"Klassenrat - Gemeinschaftsgrundschule Erlenweg\",\"isPartOf\":{\"@id\":\"https:\/\/www.ggs-erlenweg.de\/#website\"},\"datePublished\":\"2023-11-15T12:43:02+00:00\",\"dateModified\":\"2023-11-16T12:08:08+00:00\",\"breadcrumb\":{\"@id\":\"https:\/\/www.ggs-erlenweg.de\/index.php\/klassenrat\/#breadcrumb\"},\"inLanguage\":\"de\",\"potentialAction\":[{\"@type\":\"ReadAction\",\"target\":[\"https:\/\/www.ggs-erlenweg.de\/index.php\/klassenrat\/\"]}]},{\"@type\":\"BreadcrumbList\",\"@id\":\"https:\/\/www.ggs-erlenweg.de\/index.php\/klassenrat\/#breadcrumb\",\"itemListElement\":[{\"@type\":\"ListItem\",\"position\":1,\"name\":\"Startseite\",\"item\":\"https:\/\/www.ggs-erlenweg.de\/\"},{\"@type\":\"ListItem\",\"position\":2,\"name\":\"Klassenrat\"}]},{\"@type\":\"WebSite\",\"@id\":\"https:\/\/www.ggs-erlenweg.de\/#website\",\"url\":\"https:\/\/www.ggs-erlenweg.de\/\",\"name\":\"Gemeinschaftsgrundschule Erlenweg\",\"description\":\"\",\"publisher\":{\"@id\":\"https:\/\/www.ggs-erlenweg.de\/#organization\"},\"potentialAction\":[{\"@type\":\"SearchAction\",\"target\":{\"@type\":\"EntryPoint\",\"urlTemplate\":\"https:\/\/www.ggs-erlenweg.de\/?s={search_term_string}\"},\"query-input\":{\"@type\":\"PropertyValueSpecification\",\"valueRequired\":true,\"valueName\":\"search_term_string\"}}],\"inLanguage\":\"de\"},{\"@type\":\"Organization\",\"@id\":\"https:\/\/www.ggs-erlenweg.de\/#organization\",\"name\":\"Gemeinschaftsgrundschule Erlenweg\",\"url\":\"https:\/\/www.ggs-erlenweg.de\/\",\"logo\":{\"@type\":\"ImageObject\",\"inLanguage\":\"de\",\"@id\":\"https:\/\/www.ggs-erlenweg.de\/#\/schema\/logo\/image\/\",\"url\":\"https:\/\/www.ggs-erlenweg.de\/wp-content\/uploads\/2025\/04\/Logo5Farben-400px.png\",\"contentUrl\":\"https:\/\/www.ggs-erlenweg.de\/wp-content\/uploads\/2025\/04\/Logo5Farben-400px.png\",\"width\":400,\"height\":381,\"caption\":\"Gemeinschaftsgrundschule Erlenweg\"},\"image\":{\"@id\":\"https:\/\/www.ggs-erlenweg.de\/#\/schema\/logo\/image\/\"}}]}<\/script>\n<!-- \/ Yoast SEO plugin. -->","yoast_head_json":{"title":"Klassenrat - Gemeinschaftsgrundschule Erlenweg","robots":{"index":"index","follow":"follow","max-snippet":"max-snippet:-1","max-image-preview":"max-image-preview:large","max-video-preview":"max-video-preview:-1"},"canonical":"https:\/\/www.ggs-erlenweg.de\/index.php\/klassenrat\/","og_locale":"de_DE","og_type":"article","og_title":"Klassenrat - Gemeinschaftsgrundschule Erlenweg","og_description":"Der Klassenrat ist Diskussionsforum sowie Planungs- und Handlungszentrum, das die Klasse als Verantwortungsgemeinschaft st\u00e4rkt. Die \u00fcbergeordnete Fragestellung dabei ist: Wie k\u00f6nnen wir gut gemeinsam leben? Der Klassenrat bietet Raum und [&hellip;]","og_url":"https:\/\/www.ggs-erlenweg.de\/index.php\/klassenrat\/","og_site_name":"Gemeinschaftsgrundschule Erlenweg","article_modified_time":"2023-11-16T12:08:08+00:00","twitter_card":"summary_large_image","twitter_misc":{"Gesch\u00e4tzte Lesezeit":"1\u00a0Minute"},"schema":{"@context":"https:\/\/schema.org","@graph":[{"@type":"WebPage","@id":"https:\/\/www.ggs-erlenweg.de\/index.php\/klassenrat\/","url":"https:\/\/www.ggs-erlenweg.de\/index.php\/klassenrat\/","name":"Klassenrat - Gemeinschaftsgrundschule Erlenweg","isPartOf":{"@id":"https:\/\/www.ggs-erlenweg.de\/#website"},"datePublished":"2023-11-15T12:43:02+00:00","dateModified":"2023-11-16T12:08:08+00:00","breadcrumb":{"@id":"https:\/\/www.ggs-erlenweg.de\/index.php\/klassenrat\/#breadcrumb"},"inLanguage":"de","potentialAction":[{"@type":"ReadAction","target":["https:\/\/www.ggs-erlenweg.de\/index.php\/klassenrat\/"]}]},{"@type":"BreadcrumbList","@id":"https:\/\/www.ggs-erlenweg.de\/index.php\/klassenrat\/#breadcrumb","itemListElement":[{"@type":"ListItem","position":1,"name":"Startseite","item":"https:\/\/www.ggs-erlenweg.de\/"},{"@type":"ListItem","position":2,"name":"Klassenrat"}]},{"@type":"WebSite","@id":"https:\/\/www.ggs-erlenweg.de\/#website","url":"https:\/\/www.ggs-erlenweg.de\/","name":"Gemeinschaftsgrundschule Erlenweg","description":"","publisher":{"@id":"https:\/\/www.ggs-erlenweg.de\/#organization"},"potentialAction":[{"@type":"SearchAction","target":{"@type":"EntryPoint","urlTemplate":"https:\/\/www.ggs-erlenweg.de\/?s={search_term_string}"},"query-input":{"@type":"PropertyValueSpecification","valueRequired":true,"valueName":"search_term_string"}}],"inLanguage":"de"},{"@type":"Organization","@id":"https:\/\/www.ggs-erlenweg.de\/#organization","name":"Gemeinschaftsgrundschule Erlenweg","url":"https:\/\/www.ggs-erlenweg.de\/","logo":{"@type":"ImageObject","inLanguage":"de","@id":"https:\/\/www.ggs-erlenweg.de\/#\/schema\/logo\/image\/","url":"https:\/\/www.ggs-erlenweg.de\/wp-content\/uploads\/2025\/04\/Logo5Farben-400px.png","contentUrl":"https:\/\/www.ggs-erlenweg.de\/wp-content\/uploads\/2025\/04\/Logo5Farben-400px.png","width":400,"height":381,"caption":"Gemeinschaftsgrundschule Erlenweg"},"image":{"@id":"https:\/\/www.ggs-erlenweg.de\/#\/schema\/logo\/image\/"}}]}},"_links":{"self":[{"href":"https:\/\/www.ggs-erlenweg.de\/index.php\/wp-json\/wp\/v2\/pages\/2063","targetHints":{"allow":["GET"]}}],"collection":[{"href":"https:\/\/www.ggs-erlenweg.de\/index.php\/wp-json\/wp\/v2\/pages"}],"about":[{"href":"https:\/\/www.ggs-erlenweg.de\/index.php\/wp-json\/wp\/v2\/types\/page"}],"author":[{"embeddable":true,"href":"https:\/\/www.ggs-erlenweg.de\/index.php\/wp-json\/wp\/v2\/users\/3"}],"replies":[{"embeddable":true,"href":"https:\/\/www.ggs-erlenweg.de\/index.php\/wp-json\/wp\/v2\/comments?post=2063"}],"version-history":[{"count":2,"href":"https:\/\/www.ggs-erlenweg.de\/index.php\/wp-json\/wp\/v2\/pages\/2063\/revisions"}],"predecessor-version":[{"id":2067,"href":"https:\/\/www.ggs-erlenweg.de\/index.php\/wp-json\/wp\/v2\/pages\/2063\/revisions\/2067"}],"wp:attachment":[{"href":"https:\/\/www.ggs-erlenweg.de\/index.php\/wp-json\/wp\/v2\/media?parent=2063"}],"curies":[{"name":"wp","href":"https:\/\/api.w.org\/{rel}","templated":true}]}}