{"id":1634,"date":"2023-04-27T23:43:54","date_gmt":"2023-04-27T21:43:54","guid":{"rendered":"https:\/\/www.ggs-erlenweg.de\/?page_id=1634"},"modified":"2023-10-26T12:39:41","modified_gmt":"2023-10-26T10:39:41","slug":"ausstattung","status":"publish","type":"page","link":"https:\/\/www.ggs-erlenweg.de\/index.php\/ausstattung\/","title":{"rendered":"Mediale Ausstattung"},"content":{"rendered":"\n<div class=\"wp-block-stackable-columns stk-block-columns stk-block stk-1e7463c\" data-block-id=\"1e7463c\"><div class=\"stk-row stk-inner-blocks stk-block-content stk-content-align stk-1e7463c-column\">\n<div class=\"wp-block-stackable-column stk-block-column stk-column stk-block stk-11d3615\" data-v=\"4\" data-block-id=\"11d3615\"><div class=\"stk-column-wrapper stk-block-column__content stk-container stk-11d3615-container stk--no-background stk--no-padding\"><div class=\"stk-block-content stk-inner-blocks stk-11d3615-inner-blocks\">\n<figure class=\"wp-block-image size-large is-resized\"><img loading=\"lazy\" decoding=\"async\" width=\"1024\" height=\"768\" src=\"https:\/\/www.ggs-erlenweg.de\/wp-content\/uploads\/2023\/10\/Foto-IPAd-1024x768.jpg\" alt=\"\" class=\"wp-image-1964\" style=\"aspect-ratio:1.3333333333333333;width:531px;height:auto\" srcset=\"https:\/\/www.ggs-erlenweg.de\/wp-content\/uploads\/2023\/10\/Foto-IPAd-1024x768.jpg 1024w, https:\/\/www.ggs-erlenweg.de\/wp-content\/uploads\/2023\/10\/Foto-IPAd-300x225.jpg 300w, https:\/\/www.ggs-erlenweg.de\/wp-content\/uploads\/2023\/10\/Foto-IPAd-768x576.jpg 768w, https:\/\/www.ggs-erlenweg.de\/wp-content\/uploads\/2023\/10\/Foto-IPAd-1536x1152.jpg 1536w, https:\/\/www.ggs-erlenweg.de\/wp-content\/uploads\/2023\/10\/Foto-IPAd-2048x1536.jpg 2048w\" sizes=\"auto, (max-width: 1024px) 100vw, 1024px\" \/><\/figure>\n<\/div><\/div><\/div>\n\n\n\n<div class=\"wp-block-stackable-column stk-block-column stk-column stk-block stk-e171512\" data-v=\"4\" data-block-id=\"e171512\"><div class=\"stk-column-wrapper stk-block-column__content stk-container stk-e171512-container stk--no-background stk--no-padding\"><div class=\"stk-block-content stk-inner-blocks stk-e171512-inner-blocks\">\n<figure class=\"wp-block-image size-large is-resized\"><img loading=\"lazy\" decoding=\"async\" width=\"1024\" height=\"768\" src=\"https:\/\/www.ggs-erlenweg.de\/wp-content\/uploads\/2023\/10\/IMG_3588-1024x768.jpg\" alt=\"\" class=\"wp-image-1971\" style=\"aspect-ratio:1.5681470137825422;width:623px;height:auto\" srcset=\"https:\/\/www.ggs-erlenweg.de\/wp-content\/uploads\/2023\/10\/IMG_3588-1024x768.jpg 1024w, https:\/\/www.ggs-erlenweg.de\/wp-content\/uploads\/2023\/10\/IMG_3588-300x225.jpg 300w, https:\/\/www.ggs-erlenweg.de\/wp-content\/uploads\/2023\/10\/IMG_3588-768x576.jpg 768w, https:\/\/www.ggs-erlenweg.de\/wp-content\/uploads\/2023\/10\/IMG_3588-1536x1152.jpg 1536w, https:\/\/www.ggs-erlenweg.de\/wp-content\/uploads\/2023\/10\/IMG_3588.jpg 2016w\" sizes=\"auto, (max-width: 1024px) 100vw, 1024px\" \/><\/figure>\n<\/div><\/div><\/div>\n<\/div><\/div>\n\n\n\n<p>Die GGS Erlenweg verf\u00fcgt \u00fcber eine umfassende mediale Ausstattung wie z.B. ein eigenes IPad f\u00fcr jede(n) Sch\u00fcler\/in, die in Tablet-Koffern oder in Tablet \u2013 Schr\u00e4nken mit Ladefunktion aufbewahrt werden. F\u00fcr die Nutzung der IPads stehen des Weiteren Kopfh\u00f6rer zur Verf\u00fcgung, die die Kinder nach Bedarf w\u00e4hrend der Arbeit am IPad nutzen k\u00f6nnen.<\/p>\n\n\n\n<p>Jede(r) Sch\u00fcler\/in hat mit einem eigenen IPad direkt ab der 1. Klasse an unserer Schule die M\u00f6glichkeit z.B. eigene Dateien (Pr\u00e4sentationen, \u2026) zu speichern, durch \u201eScreensharing\u201c das IPad an den digitalen Tafeln zu spiegeln und der gesamten Klasse Arbeitsergebnisse zu zeigen. Es gibt noch viel mehr M\u00f6glichkeiten des Einsatzes, so dass wir die Forderung zur Umsetzung des Medienkompetenzrahmens NRW erf\u00fcllen k\u00f6nnen und die Kinder schrittweise lernen, mit Medien kompetent umzugehen.<\/p>\n\n\n\n<p>Die Auswahl der Apps auf den IPads sind kindgerecht und werden sowohl vom Medienteam an unserer Schule als auch vom gesamten Kollegium ausgew\u00e4hlt. Der Inhalt wird \u00fcberpr\u00fcft und anschlie\u00dfend werden die altersgerechten Apps individuell auf den IPads der Kinder \u00fcber NetCologne installiert.<\/p>\n\n\n\n<p>Alle Klassenr\u00e4ume sind mit einer digitalen Tafel ausgestattet. In einem weiteren Klassenraum steht ein fest installiertes \u201eActive Board\u201c inkl. Apple TV f\u00fcr den Einsatz im Unterricht zur Verf\u00fcgung. An unserer Schule gibt es seit 2018 eine fl\u00e4chendeckende WLAN-Versorgung. D.h. aus allen Klassenr\u00e4umen kann mit einem IPad oder einem anderen Endger\u00e4t auf das Internet zugegriffen werden.<\/p>\n\n\n\n<p>Auf unseren digitalen Tafeln sind in allen Klassen fest installierte Dateien, wie z.B. das Classroom Management (Aufr\u00e4ummusik, Sitzkreismusik, Reflexion Lernzeiten \u2026), die digitalen Unterrichtsassistenten zu unseren Lehrwerken (Matherad und Zebra) und vieles mehr\u2026\ud83d\ude0a!<\/p>\n\n\n\n<p>Der Schule stehen zus\u00e4tzlich ca. 30 Computer sowie 2 Laptops zur Verf\u00fcgung, die an das p\u00e4dagogische Netzwerk angeschlossen sind und die M\u00f6glichkeit bieten, Druckauftr\u00e4ge an die zahlreichen Drucker zu senden. Je zwei der Computer sind in den Gruppenr\u00e4umen der Jahrgangsstufen installiert und jederzeit f\u00fcr Sch\u00fclerInnen sowie dem Team zug\u00e4nglich. Weiter stehen der GGS Erlenweg zwei Dokumentenkameras und zwei portable Beamer mit einer Leinwand zur Verf\u00fcgung.<\/p>\n","protected":false},"excerpt":{"rendered":"<p>Die GGS Erlenweg verf\u00fcgt \u00fcber eine umfassende mediale Ausstattung wie z.B. ein eigenes IPad f\u00fcr jede(n) Sch\u00fcler\/in, die in Tablet-Koffern oder in Tablet \u2013 Schr\u00e4nken mit Ladefunktion aufbewahrt werden. F\u00fcr [&hellip;]<\/p>\n","protected":false},"author":5,"featured_media":0,"parent":0,"menu_order":0,"comment_status":"closed","ping_status":"closed","template":"","meta":{"footnotes":""},"class_list":["post-1634","page","type-page","status-publish","hentry"],"blocksy_meta":[],"featured_image_urls_v2":{"full":"","thumbnail":"","medium":"","medium_large":"","large":"","1536x1536":"","2048x2048":""},"post_excerpt_stackable_v2":"<p>Die GGS Erlenweg verf\u00fcgt \u00fcber eine umfassende mediale Ausstattung wie z.B. ein eigenes IPad f\u00fcr jede(n) Sch\u00fcler\/in, die in Tablet-Koffern oder in Tablet \u2013 Schr\u00e4nken mit Ladefunktion aufbewahrt werden. F\u00fcr die Nutzung der IPads stehen des Weiteren Kopfh\u00f6rer zur Verf\u00fcgung, die die Kinder nach Bedarf w\u00e4hrend der Arbeit am IPad nutzen k\u00f6nnen. Jede(r) Sch\u00fcler\/in hat mit einem eigenen IPad direkt ab der 1. Klasse an unserer Schule die M\u00f6glichkeit z.B. eigene Dateien (Pr\u00e4sentationen, \u2026) zu speichern, durch \u201eScreensharing\u201c das IPad an den digitalen Tafeln zu spiegeln und der gesamten Klasse Arbeitsergebnisse zu zeigen. Es gibt noch viel mehr M\u00f6glichkeiten des&hellip;<\/p>\n","category_list_v2":"","author_info_v2":{"name":"MMB","url":"https:\/\/www.ggs-erlenweg.de\/index.php\/author\/merlemuth\/"},"comments_num_v2":"0 comments","yoast_head":"<!-- This site is optimized with the Yoast SEO plugin v27.2 - https:\/\/yoast.com\/product\/yoast-seo-wordpress\/ -->\n<title>Mediale Ausstattung - Gemeinschaftsgrundschule Erlenweg<\/title>\n<meta name=\"robots\" content=\"index, follow, max-snippet:-1, max-image-preview:large, max-video-preview:-1\" \/>\n<link rel=\"canonical\" href=\"https:\/\/www.ggs-erlenweg.de\/index.php\/ausstattung\/\" \/>\n<meta property=\"og:locale\" content=\"de_DE\" \/>\n<meta property=\"og:type\" content=\"article\" \/>\n<meta property=\"og:title\" content=\"Mediale Ausstattung - Gemeinschaftsgrundschule Erlenweg\" \/>\n<meta property=\"og:description\" content=\"Die GGS Erlenweg verf\u00fcgt \u00fcber eine umfassende mediale Ausstattung wie z.B. ein eigenes IPad f\u00fcr jede(n) Sch\u00fcler\/in, die in Tablet-Koffern oder in Tablet \u2013 Schr\u00e4nken mit Ladefunktion aufbewahrt werden. F\u00fcr [&hellip;]\" \/>\n<meta property=\"og:url\" content=\"https:\/\/www.ggs-erlenweg.de\/index.php\/ausstattung\/\" \/>\n<meta property=\"og:site_name\" content=\"Gemeinschaftsgrundschule Erlenweg\" \/>\n<meta property=\"article:modified_time\" content=\"2023-10-26T10:39:41+00:00\" \/>\n<meta property=\"og:image\" content=\"https:\/\/www.ggs-erlenweg.de\/wp-content\/uploads\/2023\/10\/Foto-IPAd-1024x768.jpg\" \/>\n<meta name=\"twitter:card\" content=\"summary_large_image\" \/>\n<meta name=\"twitter:label1\" content=\"Gesch\u00e4tzte Lesezeit\" \/>\n\t<meta name=\"twitter:data1\" content=\"2\u00a0Minuten\" \/>\n<script type=\"application\/ld+json\" class=\"yoast-schema-graph\">{\"@context\":\"https:\/\/schema.org\",\"@graph\":[{\"@type\":\"WebPage\",\"@id\":\"https:\/\/www.ggs-erlenweg.de\/index.php\/ausstattung\/\",\"url\":\"https:\/\/www.ggs-erlenweg.de\/index.php\/ausstattung\/\",\"name\":\"Mediale Ausstattung - Gemeinschaftsgrundschule Erlenweg\",\"isPartOf\":{\"@id\":\"https:\/\/www.ggs-erlenweg.de\/#website\"},\"primaryImageOfPage\":{\"@id\":\"https:\/\/www.ggs-erlenweg.de\/index.php\/ausstattung\/#primaryimage\"},\"image\":{\"@id\":\"https:\/\/www.ggs-erlenweg.de\/index.php\/ausstattung\/#primaryimage\"},\"thumbnailUrl\":\"https:\/\/www.ggs-erlenweg.de\/wp-content\/uploads\/2023\/10\/Foto-IPAd-1024x768.jpg\",\"datePublished\":\"2023-04-27T21:43:54+00:00\",\"dateModified\":\"2023-10-26T10:39:41+00:00\",\"breadcrumb\":{\"@id\":\"https:\/\/www.ggs-erlenweg.de\/index.php\/ausstattung\/#breadcrumb\"},\"inLanguage\":\"de\",\"potentialAction\":[{\"@type\":\"ReadAction\",\"target\":[\"https:\/\/www.ggs-erlenweg.de\/index.php\/ausstattung\/\"]}]},{\"@type\":\"ImageObject\",\"inLanguage\":\"de\",\"@id\":\"https:\/\/www.ggs-erlenweg.de\/index.php\/ausstattung\/#primaryimage\",\"url\":\"https:\/\/www.ggs-erlenweg.de\/wp-content\/uploads\/2023\/10\/Foto-IPAd-scaled.jpg\",\"contentUrl\":\"https:\/\/www.ggs-erlenweg.de\/wp-content\/uploads\/2023\/10\/Foto-IPAd-scaled.jpg\",\"width\":2560,\"height\":1920},{\"@type\":\"BreadcrumbList\",\"@id\":\"https:\/\/www.ggs-erlenweg.de\/index.php\/ausstattung\/#breadcrumb\",\"itemListElement\":[{\"@type\":\"ListItem\",\"position\":1,\"name\":\"Startseite\",\"item\":\"https:\/\/www.ggs-erlenweg.de\/\"},{\"@type\":\"ListItem\",\"position\":2,\"name\":\"Mediale Ausstattung\"}]},{\"@type\":\"WebSite\",\"@id\":\"https:\/\/www.ggs-erlenweg.de\/#website\",\"url\":\"https:\/\/www.ggs-erlenweg.de\/\",\"name\":\"Gemeinschaftsgrundschule Erlenweg\",\"description\":\"\",\"publisher\":{\"@id\":\"https:\/\/www.ggs-erlenweg.de\/#organization\"},\"potentialAction\":[{\"@type\":\"SearchAction\",\"target\":{\"@type\":\"EntryPoint\",\"urlTemplate\":\"https:\/\/www.ggs-erlenweg.de\/?s={search_term_string}\"},\"query-input\":{\"@type\":\"PropertyValueSpecification\",\"valueRequired\":true,\"valueName\":\"search_term_string\"}}],\"inLanguage\":\"de\"},{\"@type\":\"Organization\",\"@id\":\"https:\/\/www.ggs-erlenweg.de\/#organization\",\"name\":\"Gemeinschaftsgrundschule Erlenweg\",\"url\":\"https:\/\/www.ggs-erlenweg.de\/\",\"logo\":{\"@type\":\"ImageObject\",\"inLanguage\":\"de\",\"@id\":\"https:\/\/www.ggs-erlenweg.de\/#\/schema\/logo\/image\/\",\"url\":\"https:\/\/www.ggs-erlenweg.de\/wp-content\/uploads\/2025\/04\/Logo5Farben-400px.png\",\"contentUrl\":\"https:\/\/www.ggs-erlenweg.de\/wp-content\/uploads\/2025\/04\/Logo5Farben-400px.png\",\"width\":400,\"height\":381,\"caption\":\"Gemeinschaftsgrundschule Erlenweg\"},\"image\":{\"@id\":\"https:\/\/www.ggs-erlenweg.de\/#\/schema\/logo\/image\/\"}}]}<\/script>\n<!-- \/ Yoast SEO plugin. -->","yoast_head_json":{"title":"Mediale Ausstattung - Gemeinschaftsgrundschule Erlenweg","robots":{"index":"index","follow":"follow","max-snippet":"max-snippet:-1","max-image-preview":"max-image-preview:large","max-video-preview":"max-video-preview:-1"},"canonical":"https:\/\/www.ggs-erlenweg.de\/index.php\/ausstattung\/","og_locale":"de_DE","og_type":"article","og_title":"Mediale Ausstattung - Gemeinschaftsgrundschule Erlenweg","og_description":"Die GGS Erlenweg verf\u00fcgt \u00fcber eine umfassende mediale Ausstattung wie z.B. ein eigenes IPad f\u00fcr jede(n) Sch\u00fcler\/in, die in Tablet-Koffern oder in Tablet \u2013 Schr\u00e4nken mit Ladefunktion aufbewahrt werden. F\u00fcr [&hellip;]","og_url":"https:\/\/www.ggs-erlenweg.de\/index.php\/ausstattung\/","og_site_name":"Gemeinschaftsgrundschule Erlenweg","article_modified_time":"2023-10-26T10:39:41+00:00","og_image":[{"url":"https:\/\/www.ggs-erlenweg.de\/wp-content\/uploads\/2023\/10\/Foto-IPAd-1024x768.jpg","type":"","width":"","height":""}],"twitter_card":"summary_large_image","twitter_misc":{"Gesch\u00e4tzte Lesezeit":"2\u00a0Minuten"},"schema":{"@context":"https:\/\/schema.org","@graph":[{"@type":"WebPage","@id":"https:\/\/www.ggs-erlenweg.de\/index.php\/ausstattung\/","url":"https:\/\/www.ggs-erlenweg.de\/index.php\/ausstattung\/","name":"Mediale Ausstattung - Gemeinschaftsgrundschule Erlenweg","isPartOf":{"@id":"https:\/\/www.ggs-erlenweg.de\/#website"},"primaryImageOfPage":{"@id":"https:\/\/www.ggs-erlenweg.de\/index.php\/ausstattung\/#primaryimage"},"image":{"@id":"https:\/\/www.ggs-erlenweg.de\/index.php\/ausstattung\/#primaryimage"},"thumbnailUrl":"https:\/\/www.ggs-erlenweg.de\/wp-content\/uploads\/2023\/10\/Foto-IPAd-1024x768.jpg","datePublished":"2023-04-27T21:43:54+00:00","dateModified":"2023-10-26T10:39:41+00:00","breadcrumb":{"@id":"https:\/\/www.ggs-erlenweg.de\/index.php\/ausstattung\/#breadcrumb"},"inLanguage":"de","potentialAction":[{"@type":"ReadAction","target":["https:\/\/www.ggs-erlenweg.de\/index.php\/ausstattung\/"]}]},{"@type":"ImageObject","inLanguage":"de","@id":"https:\/\/www.ggs-erlenweg.de\/index.php\/ausstattung\/#primaryimage","url":"https:\/\/www.ggs-erlenweg.de\/wp-content\/uploads\/2023\/10\/Foto-IPAd-scaled.jpg","contentUrl":"https:\/\/www.ggs-erlenweg.de\/wp-content\/uploads\/2023\/10\/Foto-IPAd-scaled.jpg","width":2560,"height":1920},{"@type":"BreadcrumbList","@id":"https:\/\/www.ggs-erlenweg.de\/index.php\/ausstattung\/#breadcrumb","itemListElement":[{"@type":"ListItem","position":1,"name":"Startseite","item":"https:\/\/www.ggs-erlenweg.de\/"},{"@type":"ListItem","position":2,"name":"Mediale Ausstattung"}]},{"@type":"WebSite","@id":"https:\/\/www.ggs-erlenweg.de\/#website","url":"https:\/\/www.ggs-erlenweg.de\/","name":"Gemeinschaftsgrundschule Erlenweg","description":"","publisher":{"@id":"https:\/\/www.ggs-erlenweg.de\/#organization"},"potentialAction":[{"@type":"SearchAction","target":{"@type":"EntryPoint","urlTemplate":"https:\/\/www.ggs-erlenweg.de\/?s={search_term_string}"},"query-input":{"@type":"PropertyValueSpecification","valueRequired":true,"valueName":"search_term_string"}}],"inLanguage":"de"},{"@type":"Organization","@id":"https:\/\/www.ggs-erlenweg.de\/#organization","name":"Gemeinschaftsgrundschule Erlenweg","url":"https:\/\/www.ggs-erlenweg.de\/","logo":{"@type":"ImageObject","inLanguage":"de","@id":"https:\/\/www.ggs-erlenweg.de\/#\/schema\/logo\/image\/","url":"https:\/\/www.ggs-erlenweg.de\/wp-content\/uploads\/2025\/04\/Logo5Farben-400px.png","contentUrl":"https:\/\/www.ggs-erlenweg.de\/wp-content\/uploads\/2025\/04\/Logo5Farben-400px.png","width":400,"height":381,"caption":"Gemeinschaftsgrundschule Erlenweg"},"image":{"@id":"https:\/\/www.ggs-erlenweg.de\/#\/schema\/logo\/image\/"}}]}},"_links":{"self":[{"href":"https:\/\/www.ggs-erlenweg.de\/index.php\/wp-json\/wp\/v2\/pages\/1634","targetHints":{"allow":["GET"]}}],"collection":[{"href":"https:\/\/www.ggs-erlenweg.de\/index.php\/wp-json\/wp\/v2\/pages"}],"about":[{"href":"https:\/\/www.ggs-erlenweg.de\/index.php\/wp-json\/wp\/v2\/types\/page"}],"author":[{"embeddable":true,"href":"https:\/\/www.ggs-erlenweg.de\/index.php\/wp-json\/wp\/v2\/users\/5"}],"replies":[{"embeddable":true,"href":"https:\/\/www.ggs-erlenweg.de\/index.php\/wp-json\/wp\/v2\/comments?post=1634"}],"version-history":[{"count":7,"href":"https:\/\/www.ggs-erlenweg.de\/index.php\/wp-json\/wp\/v2\/pages\/1634\/revisions"}],"predecessor-version":[{"id":1973,"href":"https:\/\/www.ggs-erlenweg.de\/index.php\/wp-json\/wp\/v2\/pages\/1634\/revisions\/1973"}],"wp:attachment":[{"href":"https:\/\/www.ggs-erlenweg.de\/index.php\/wp-json\/wp\/v2\/media?parent=1634"}],"curies":[{"name":"wp","href":"https:\/\/api.w.org\/{rel}","templated":true}]}}