{"id":1097,"date":"2022-08-19T13:28:09","date_gmt":"2022-08-19T11:28:09","guid":{"rendered":"https:\/\/www.ggs-erlenweg.de\/?page_id=1097"},"modified":"2023-11-15T13:25:33","modified_gmt":"2023-11-15T12:25:33","slug":"tagesablauf-und-offener-anfang","status":"publish","type":"page","link":"https:\/\/www.ggs-erlenweg.de\/index.php\/tagesablauf-und-offener-anfang\/","title":{"rendered":"Tagesablauf und offener Anfang"},"content":{"rendered":"\n<div class=\"wp-block-stackable-text stk-block-text stk-block stk-6024e5a\" data-block-id=\"6024e5a\"><p class=\"stk-block-text__text has-text-align-left\">Der Tagesablauf unserer Schule ist strukturiert und gliedert sich in den Unterricht am Vormittag und die OGS-Betreuung am Nachmittag.<br><br>Das Schulgel\u00e4nde \u00f6ffnet um 7.30 Uhr. Bis zum Klingelzeichen um 8.00 Uhr k\u00f6nnen sich die Kinder auf dem Schulgel\u00e4nde aufhalten. Von 8.00 bis 8.15 Uhr ist &#8222;Offener Anfang&#8220; (siehe Unterricht). In dieser Zeitspanne k\u00f6nnen die Kinder entspannt in der Schule und ihren Klassen ankommen und in Ruhe aus den Lernangeboten w\u00e4hlen.<br><br>Die Betreuung der OGS \u00f6ffnet um 12.00 Uhr nach dem Unterricht und endet um 16.00 Uhr. In dieser Zeit k\u00f6nnen die Kinder frei spielen, an verschiedenen AG-Angeboten teilnehmen, essen gemeinsam Mittagessen und arbeiten in einer Lernzeit an ihren Aufgaben. Bei Bedarf besteht die M\u00f6glichkeit das Kind zur Sp\u00e4tbetreuung bis 17.00 Uhr anzumelden.\u00a0<\/p><\/div>\n\n\n\n<p><\/p>\n\n\n\n<p><\/p>\n\n\n\n<p><\/p>\n","protected":false},"excerpt":{"rendered":"<p>Der Tagesablauf unserer Schule ist strukturiert und gliedert sich in den Unterricht am Vormittag und die OGS-Betreuung am Nachmittag. Das Schulgel\u00e4nde \u00f6ffnet um 7.30 Uhr. Bis zum Klingelzeichen um 8.00 [&hellip;]<\/p>\n","protected":false},"author":3,"featured_media":0,"parent":0,"menu_order":0,"comment_status":"closed","ping_status":"closed","template":"","meta":{"footnotes":""},"class_list":["post-1097","page","type-page","status-publish","hentry"],"blocksy_meta":{"styles_descriptor":{"styles":{"desktop":"","tablet":"","mobile":""},"google_fonts":[],"version":6}},"featured_image_urls_v2":{"full":"","thumbnail":"","medium":"","medium_large":"","large":"","1536x1536":"","2048x2048":""},"post_excerpt_stackable_v2":"<p>Der Tagesablauf unserer Schule ist strukturiert und gliedert sich in den Unterricht am Vormittag und die OGS-Betreuung am Nachmittag.Das Schulgel\u00e4nde \u00f6ffnet um 7.30 Uhr. Bis zum Klingelzeichen um 8.00 Uhr k\u00f6nnen sich die Kinder auf dem Schulgel\u00e4nde aufhalten. Von 8.00 bis 8.15 Uhr ist &#8222;Offener Anfang&#8220; (siehe Unterricht). In dieser Zeitspanne k\u00f6nnen die Kinder entspannt in der Schule und ihren Klassen ankommen und in Ruhe aus den Lernangeboten w\u00e4hlen.Die Betreuung der OGS \u00f6ffnet um 12.00 Uhr nach dem Unterricht und endet um 16.00 Uhr. In dieser Zeit k\u00f6nnen die Kinder frei spielen, an verschiedenen AG-Angeboten teilnehmen, essen gemeinsam Mittagessen und&hellip;<\/p>\n","category_list_v2":"","author_info_v2":{"name":"MM","url":"https:\/\/www.ggs-erlenweg.de\/index.php\/author\/m9124\/"},"comments_num_v2":"0 comments","yoast_head":"<!-- This site is optimized with the Yoast SEO plugin v27.2 - https:\/\/yoast.com\/product\/yoast-seo-wordpress\/ -->\n<title>Tagesablauf und offener Anfang - Gemeinschaftsgrundschule Erlenweg<\/title>\n<meta name=\"robots\" content=\"index, follow, max-snippet:-1, max-image-preview:large, max-video-preview:-1\" \/>\n<link rel=\"canonical\" href=\"https:\/\/www.ggs-erlenweg.de\/index.php\/tagesablauf-und-offener-anfang\/\" \/>\n<meta property=\"og:locale\" content=\"de_DE\" \/>\n<meta property=\"og:type\" content=\"article\" \/>\n<meta property=\"og:title\" content=\"Tagesablauf und offener Anfang - Gemeinschaftsgrundschule Erlenweg\" \/>\n<meta property=\"og:description\" content=\"Der Tagesablauf unserer Schule ist strukturiert und gliedert sich in den Unterricht am Vormittag und die OGS-Betreuung am Nachmittag. Das Schulgel\u00e4nde \u00f6ffnet um 7.30 Uhr. Bis zum Klingelzeichen um 8.00 [&hellip;]\" \/>\n<meta property=\"og:url\" content=\"https:\/\/www.ggs-erlenweg.de\/index.php\/tagesablauf-und-offener-anfang\/\" \/>\n<meta property=\"og:site_name\" content=\"Gemeinschaftsgrundschule Erlenweg\" \/>\n<meta property=\"article:modified_time\" content=\"2023-11-15T12:25:33+00:00\" \/>\n<meta name=\"twitter:card\" content=\"summary_large_image\" \/>\n<meta name=\"twitter:label1\" content=\"Gesch\u00e4tzte Lesezeit\" \/>\n\t<meta name=\"twitter:data1\" content=\"1\u00a0Minute\" \/>\n<script type=\"application\/ld+json\" class=\"yoast-schema-graph\">{\"@context\":\"https:\/\/schema.org\",\"@graph\":[{\"@type\":\"WebPage\",\"@id\":\"https:\/\/www.ggs-erlenweg.de\/index.php\/tagesablauf-und-offener-anfang\/\",\"url\":\"https:\/\/www.ggs-erlenweg.de\/index.php\/tagesablauf-und-offener-anfang\/\",\"name\":\"Tagesablauf und offener Anfang - Gemeinschaftsgrundschule Erlenweg\",\"isPartOf\":{\"@id\":\"https:\/\/www.ggs-erlenweg.de\/#website\"},\"datePublished\":\"2022-08-19T11:28:09+00:00\",\"dateModified\":\"2023-11-15T12:25:33+00:00\",\"breadcrumb\":{\"@id\":\"https:\/\/www.ggs-erlenweg.de\/index.php\/tagesablauf-und-offener-anfang\/#breadcrumb\"},\"inLanguage\":\"de\",\"potentialAction\":[{\"@type\":\"ReadAction\",\"target\":[\"https:\/\/www.ggs-erlenweg.de\/index.php\/tagesablauf-und-offener-anfang\/\"]}]},{\"@type\":\"BreadcrumbList\",\"@id\":\"https:\/\/www.ggs-erlenweg.de\/index.php\/tagesablauf-und-offener-anfang\/#breadcrumb\",\"itemListElement\":[{\"@type\":\"ListItem\",\"position\":1,\"name\":\"Startseite\",\"item\":\"https:\/\/www.ggs-erlenweg.de\/\"},{\"@type\":\"ListItem\",\"position\":2,\"name\":\"Tagesablauf und offener Anfang\"}]},{\"@type\":\"WebSite\",\"@id\":\"https:\/\/www.ggs-erlenweg.de\/#website\",\"url\":\"https:\/\/www.ggs-erlenweg.de\/\",\"name\":\"Gemeinschaftsgrundschule Erlenweg\",\"description\":\"\",\"publisher\":{\"@id\":\"https:\/\/www.ggs-erlenweg.de\/#organization\"},\"potentialAction\":[{\"@type\":\"SearchAction\",\"target\":{\"@type\":\"EntryPoint\",\"urlTemplate\":\"https:\/\/www.ggs-erlenweg.de\/?s={search_term_string}\"},\"query-input\":{\"@type\":\"PropertyValueSpecification\",\"valueRequired\":true,\"valueName\":\"search_term_string\"}}],\"inLanguage\":\"de\"},{\"@type\":\"Organization\",\"@id\":\"https:\/\/www.ggs-erlenweg.de\/#organization\",\"name\":\"Gemeinschaftsgrundschule Erlenweg\",\"url\":\"https:\/\/www.ggs-erlenweg.de\/\",\"logo\":{\"@type\":\"ImageObject\",\"inLanguage\":\"de\",\"@id\":\"https:\/\/www.ggs-erlenweg.de\/#\/schema\/logo\/image\/\",\"url\":\"https:\/\/www.ggs-erlenweg.de\/wp-content\/uploads\/2025\/04\/Logo5Farben-400px.png\",\"contentUrl\":\"https:\/\/www.ggs-erlenweg.de\/wp-content\/uploads\/2025\/04\/Logo5Farben-400px.png\",\"width\":400,\"height\":381,\"caption\":\"Gemeinschaftsgrundschule Erlenweg\"},\"image\":{\"@id\":\"https:\/\/www.ggs-erlenweg.de\/#\/schema\/logo\/image\/\"}}]}<\/script>\n<!-- \/ Yoast SEO plugin. -->","yoast_head_json":{"title":"Tagesablauf und offener Anfang - Gemeinschaftsgrundschule Erlenweg","robots":{"index":"index","follow":"follow","max-snippet":"max-snippet:-1","max-image-preview":"max-image-preview:large","max-video-preview":"max-video-preview:-1"},"canonical":"https:\/\/www.ggs-erlenweg.de\/index.php\/tagesablauf-und-offener-anfang\/","og_locale":"de_DE","og_type":"article","og_title":"Tagesablauf und offener Anfang - Gemeinschaftsgrundschule Erlenweg","og_description":"Der Tagesablauf unserer Schule ist strukturiert und gliedert sich in den Unterricht am Vormittag und die OGS-Betreuung am Nachmittag. Das Schulgel\u00e4nde \u00f6ffnet um 7.30 Uhr. Bis zum Klingelzeichen um 8.00 [&hellip;]","og_url":"https:\/\/www.ggs-erlenweg.de\/index.php\/tagesablauf-und-offener-anfang\/","og_site_name":"Gemeinschaftsgrundschule Erlenweg","article_modified_time":"2023-11-15T12:25:33+00:00","twitter_card":"summary_large_image","twitter_misc":{"Gesch\u00e4tzte Lesezeit":"1\u00a0Minute"},"schema":{"@context":"https:\/\/schema.org","@graph":[{"@type":"WebPage","@id":"https:\/\/www.ggs-erlenweg.de\/index.php\/tagesablauf-und-offener-anfang\/","url":"https:\/\/www.ggs-erlenweg.de\/index.php\/tagesablauf-und-offener-anfang\/","name":"Tagesablauf und offener Anfang - Gemeinschaftsgrundschule Erlenweg","isPartOf":{"@id":"https:\/\/www.ggs-erlenweg.de\/#website"},"datePublished":"2022-08-19T11:28:09+00:00","dateModified":"2023-11-15T12:25:33+00:00","breadcrumb":{"@id":"https:\/\/www.ggs-erlenweg.de\/index.php\/tagesablauf-und-offener-anfang\/#breadcrumb"},"inLanguage":"de","potentialAction":[{"@type":"ReadAction","target":["https:\/\/www.ggs-erlenweg.de\/index.php\/tagesablauf-und-offener-anfang\/"]}]},{"@type":"BreadcrumbList","@id":"https:\/\/www.ggs-erlenweg.de\/index.php\/tagesablauf-und-offener-anfang\/#breadcrumb","itemListElement":[{"@type":"ListItem","position":1,"name":"Startseite","item":"https:\/\/www.ggs-erlenweg.de\/"},{"@type":"ListItem","position":2,"name":"Tagesablauf und offener Anfang"}]},{"@type":"WebSite","@id":"https:\/\/www.ggs-erlenweg.de\/#website","url":"https:\/\/www.ggs-erlenweg.de\/","name":"Gemeinschaftsgrundschule Erlenweg","description":"","publisher":{"@id":"https:\/\/www.ggs-erlenweg.de\/#organization"},"potentialAction":[{"@type":"SearchAction","target":{"@type":"EntryPoint","urlTemplate":"https:\/\/www.ggs-erlenweg.de\/?s={search_term_string}"},"query-input":{"@type":"PropertyValueSpecification","valueRequired":true,"valueName":"search_term_string"}}],"inLanguage":"de"},{"@type":"Organization","@id":"https:\/\/www.ggs-erlenweg.de\/#organization","name":"Gemeinschaftsgrundschule Erlenweg","url":"https:\/\/www.ggs-erlenweg.de\/","logo":{"@type":"ImageObject","inLanguage":"de","@id":"https:\/\/www.ggs-erlenweg.de\/#\/schema\/logo\/image\/","url":"https:\/\/www.ggs-erlenweg.de\/wp-content\/uploads\/2025\/04\/Logo5Farben-400px.png","contentUrl":"https:\/\/www.ggs-erlenweg.de\/wp-content\/uploads\/2025\/04\/Logo5Farben-400px.png","width":400,"height":381,"caption":"Gemeinschaftsgrundschule Erlenweg"},"image":{"@id":"https:\/\/www.ggs-erlenweg.de\/#\/schema\/logo\/image\/"}}]}},"_links":{"self":[{"href":"https:\/\/www.ggs-erlenweg.de\/index.php\/wp-json\/wp\/v2\/pages\/1097","targetHints":{"allow":["GET"]}}],"collection":[{"href":"https:\/\/www.ggs-erlenweg.de\/index.php\/wp-json\/wp\/v2\/pages"}],"about":[{"href":"https:\/\/www.ggs-erlenweg.de\/index.php\/wp-json\/wp\/v2\/types\/page"}],"author":[{"embeddable":true,"href":"https:\/\/www.ggs-erlenweg.de\/index.php\/wp-json\/wp\/v2\/users\/3"}],"replies":[{"embeddable":true,"href":"https:\/\/www.ggs-erlenweg.de\/index.php\/wp-json\/wp\/v2\/comments?post=1097"}],"version-history":[{"count":3,"href":"https:\/\/www.ggs-erlenweg.de\/index.php\/wp-json\/wp\/v2\/pages\/1097\/revisions"}],"predecessor-version":[{"id":2057,"href":"https:\/\/www.ggs-erlenweg.de\/index.php\/wp-json\/wp\/v2\/pages\/1097\/revisions\/2057"}],"wp:attachment":[{"href":"https:\/\/www.ggs-erlenweg.de\/index.php\/wp-json\/wp\/v2\/media?parent=1097"}],"curies":[{"name":"wp","href":"https:\/\/api.w.org\/{rel}","templated":true}]}}